{"id":59,"date":"2023-12-18T13:14:50","date_gmt":"2023-12-18T11:14:50","guid":{"rendered":"http:\/\/tmtbaltic.ee\/?page_id=59"},"modified":"2026-03-25T15:19:16","modified_gmt":"2026-03-25T13:19:16","slug":"meist","status":"publish","type":"page","link":"https:\/\/www.tmtbaltic.ee\/en\/meist\/","title":{"rendered":"About us"},"content":{"rendered":"<div data-elementor-type=\"wp-page\" data-elementor-id=\"59\" class=\"elementor elementor-59\">\n\t\t\t\t<div class=\"elementor-element elementor-element-4270b8c e-flex e-con-boxed e-con e-parent\" data-id=\"4270b8c\" data-element_type=\"container\" data-e-type=\"container\">\n\t\t\t\t\t<div class=\"e-con-inner\">\n\t\t\t\t<div class=\"elementor-element elementor-element-8924ac2 elementor-widget elementor-widget-spacer\" data-id=\"8924ac2\" data-element_type=\"widget\" data-e-type=\"widget\" data-widget_type=\"spacer.default\">\n\t\t\t\t<div class=\"elementor-widget-container\">\n\t\t\t\t\t\t\t<div class=\"elementor-spacer\">\n\t\t\t<div class=\"elementor-spacer-inner\"><\/div>\n\t\t<\/div>\n\t\t\t\t\t\t<\/div>\n\t\t\t\t<\/div>\n\t\t\t\t<div class=\"elementor-element elementor-element-6c2a783 elementor-widget__width-initial elementor-widget elementor-widget-image\" data-id=\"6c2a783\" data-element_type=\"widget\" data-e-type=\"widget\" data-widget_type=\"image.default\">\n\t\t\t\t<div class=\"elementor-widget-container\">\n\t\t\t\t\t\t\t\t\t\t\t\t\t\t\t<img fetchpriority=\"high\" decoding=\"async\" width=\"1024\" height=\"449\" src=\"https:\/\/tmtbaltic.ee\/wp-content\/uploads\/2023\/12\/img_20200601_082059-scaled-1-e1702991409623-1024x449.jpg\" class=\"attachment-large size-large wp-image-1040\" alt=\"\" srcset=\"https:\/\/tmtbaltic.ee\/wp-content\/uploads\/2023\/12\/img_20200601_082059-scaled-1-e1702991409623-1024x449.jpg 1024w, https:\/\/tmtbaltic.ee\/wp-content\/uploads\/2023\/12\/img_20200601_082059-scaled-1-e1702991409623-600x263.jpg 600w, https:\/\/tmtbaltic.ee\/wp-content\/uploads\/2023\/12\/img_20200601_082059-scaled-1-e1702991409623-64x28.jpg 64w, https:\/\/tmtbaltic.ee\/wp-content\/uploads\/2023\/12\/img_20200601_082059-scaled-1-e1702991409623-300x132.jpg 300w, https:\/\/tmtbaltic.ee\/wp-content\/uploads\/2023\/12\/img_20200601_082059-scaled-1-e1702991409623-768x337.jpg 768w, https:\/\/tmtbaltic.ee\/wp-content\/uploads\/2023\/12\/img_20200601_082059-scaled-1-e1702991409623-1536x673.jpg 1536w, https:\/\/tmtbaltic.ee\/wp-content\/uploads\/2023\/12\/img_20200601_082059-scaled-1-e1702991409623.jpg 1898w\" sizes=\"(max-width: 1024px) 100vw, 1024px\" \/>\t\t\t\t\t\t\t\t\t\t\t\t\t\t\t<\/div>\n\t\t\t\t<\/div>\n\t\t\t\t<div class=\"elementor-element elementor-element-7b4dd3e elementor-widget__width-initial elementor-widget elementor-widget-heading\" data-id=\"7b4dd3e\" data-element_type=\"widget\" data-e-type=\"widget\" data-widget_type=\"heading.default\">\n\t\t\t\t<div class=\"elementor-widget-container\">\n\t\t\t\t\t<h3 class=\"elementor-heading-title elementor-size-default\">About us<\/h3>\t\t\t\t<\/div>\n\t\t\t\t<\/div>\n\t\t\t\t<div class=\"elementor-element elementor-element-0a0883f elementor-widget__width-initial elementor-widget elementor-widget-text-editor\" data-id=\"0a0883f\" data-element_type=\"widget\" data-e-type=\"widget\" data-widget_type=\"text-editor.default\">\n\t\t\t\t<div class=\"elementor-widget-container\">\n\t\t\t\t\t\t\t\t\t<p>TMT. Malinen Baltic O\u00dc was founded in 2015. TMT. Malinen Baltic O\u00dc is a subsidiary of TMT. Malinen Oy, which belongs to the TMT Group and is responsible for sales in Estonia, Latvia and Lithuania.\u00a0<\/p><p>In 2024, TMT merged. Malinen Baltic and Widni Baltic O\u00dc, resulting in a new company name<b> TMT Widni Baltic O\u00dc<\/b>.<\/p><p>We serve a wide customer base including OEM\u2019s, truck body builders, commercial vehicle builders, repair workshops, transport companies as well as technology, rescue and defense industries.<\/p><p>In addition to the standard range we manufacture a large selection of special products for wide variety of applications.  Our project offering includes customization, technical know-how, innovative solutions and excellent availability to guarantee safe, efficient and sustainable transport.<\/p><p>Ask more of the wide selection of type-approved underrun guards, side protection and toolboxes, cargo securing solutions, aluminum profiles and flatbeds, dropsides, rear doors as well as known brand products.<\/p><p>Our products are also available in well-known retail chains in Estonia and Finland.<\/p>\t\t\t\t\t\t\t\t<\/div>\n\t\t\t\t<\/div>\n\t\t\t\t<div class=\"elementor-element elementor-element-5b7007d elementor-widget__width-initial elementor-widget elementor-widget-heading\" data-id=\"5b7007d\" data-element_type=\"widget\" data-e-type=\"widget\" data-widget_type=\"heading.default\">\n\t\t\t\t<div class=\"elementor-widget-container\">\n\t\t\t\t\t<h3 class=\"elementor-heading-title elementor-size-default\">Group<\/h3>\t\t\t\t<\/div>\n\t\t\t\t<\/div>\n\t\t\t\t<div class=\"elementor-element elementor-element-c5f4ab5 elementor-widget__width-initial elementor-widget elementor-widget-text-editor\" data-id=\"c5f4ab5\" data-element_type=\"widget\" data-e-type=\"widget\" data-widget_type=\"text-editor.default\">\n\t\t\t\t<div class=\"elementor-widget-container\">\n\t\t\t\t\t\t\t\t\t<p>TMT Malinen and Widni belong to the global industrial group Axel Johnson International, which acquires and develops companies in strategically selected niche markets, especially technical components and industrial process solutions.<\/p><p>The group is an active and long-term owner whose mission is to drive business development and growth. It builds and develops groups of companies with shared strategic objectives, stimulating joint initiatives and knowledge sharing. Axel Johnson International has six business groups: Driveline Solutions, Fluid Handling Solutions, Industrial Solutions, Lifting Solutions, Power Transmission Solutions and Transport Solutions. Axel Johnson International has an entrepreneurial culture where decentralised and committed leadership enables quick decisions. The group has four focus areas: digitalisation, service, sustainability and people development.<\/p><p>Axel Johnson International is headquartered in Stockholm, Sweden. The group comprises more than 150 companies in 30 countries. Axel Johnson International is part of the Swedish family-owned corporate group Axel Johnson. <a href=\"http:\/\/www.axinter.com\">www.axinter.com<\/a><\/p>\t\t\t\t\t\t\t\t<\/div>\n\t\t\t\t<\/div>\n\t\t\t\t<div class=\"elementor-element elementor-element-b1077c2 elementor-widget__width-initial elementor-widget elementor-widget-video\" data-id=\"b1077c2\" data-element_type=\"widget\" data-e-type=\"widget\" data-settings=\"{&quot;youtube_url&quot;:&quot;https:\\\/\\\/www.youtube.com\\\/watch?v=aKpdTPJ1Y68&amp;embeds_referring_euri=https%3A%2F%2Fwww.tmt.fi%2F&amp;feature=emb_imp_woyt&quot;,&quot;lazy_load&quot;:&quot;yes&quot;,&quot;video_type&quot;:&quot;youtube&quot;,&quot;controls&quot;:&quot;yes&quot;}\" data-widget_type=\"video.default\">\n\t\t\t\t<div class=\"elementor-widget-container\">\n\t\t\t\t\t\t\t<div class=\"elementor-wrapper elementor-open-inline\">\n\t\t\t<div class=\"elementor-video\"><\/div>\t\t<\/div>\n\t\t\t\t\t\t<\/div>\n\t\t\t\t<\/div>\n\t\t\t\t<div class=\"elementor-element elementor-element-ac19750 elementor-widget elementor-widget-spacer\" data-id=\"ac19750\" data-element_type=\"widget\" data-e-type=\"widget\" data-widget_type=\"spacer.default\">\n\t\t\t\t<div class=\"elementor-widget-container\">\n\t\t\t\t\t\t\t<div class=\"elementor-spacer\">\n\t\t\t<div class=\"elementor-spacer-inner\"><\/div>\n\t\t<\/div>\n\t\t\t\t\t\t<\/div>\n\t\t\t\t<\/div>\n\t\t\t\t\t<\/div>\n\t\t\t\t<\/div>\n\t\t\t\t<\/div>","protected":false},"excerpt":{"rendered":"<p>Meist TMT. Malinen Baltic O\u00dc asutati aastal 2015. TMT. Malinen Baltic O\u00dc on TMT. Malinen Oy t\u00fctarfirma, mis kuulub TMT Gruppi ja vastutab m\u00fc\u00fcgi eest Eestis, L\u00e4tis ja Leedus.\u00a0 Aastal 2024 \u00fchinesid TMT. Malinen Baltic ja Widni Baltic O\u00dc, mille tulemusena on uus ettev\u00f5tte nimi TMT Widni Baltic O\u00dc. Teenindame laia kliendibaasi, sealhulgas originaalseadmete tootjaid, [&hellip;]<\/p>\n","protected":false},"author":1,"featured_media":0,"parent":0,"menu_order":0,"comment_status":"closed","ping_status":"closed","template":"","meta":{"site-sidebar-layout":"no-sidebar","site-content-layout":"","ast-site-content-layout":"full-width-container","site-content-style":"default","site-sidebar-style":"default","ast-global-header-display":"","ast-banner-title-visibility":"","ast-main-header-display":"","ast-hfb-above-header-display":"","ast-hfb-below-header-display":"","ast-hfb-mobile-header-display":"","site-post-title":"","ast-breadcrumbs-content":"","ast-featured-img":"disabled","footer-sml-layout":"","ast-disable-related-posts":"","theme-transparent-header-meta":"default","adv-header-id-meta":"","stick-header-meta":"","header-above-stick-meta":"","header-main-stick-meta":"","header-below-stick-meta":"","astra-migrate-meta-layouts":"set","ast-page-background-enabled":"default","ast-page-background-meta":{"desktop":{"background-color":"var(--ast-global-color-4)","background-image":"","background-repeat":"repeat","background-position":"center center","background-size":"auto","background-attachment":"scroll","background-type":"","background-media":"","overlay-type":"","overlay-color":"","overlay-opacity":"","overlay-gradient":""},"tablet":{"background-color":"","background-image":"","background-repeat":"repeat","background-position":"center center","background-size":"auto","background-attachment":"scroll","background-type":"","background-media":"","overlay-type":"","overlay-color":"","overlay-opacity":"","overlay-gradient":""},"mobile":{"background-color":"","background-image":"","background-repeat":"repeat","background-position":"center center","background-size":"auto","background-attachment":"scroll","background-type":"","background-media":"","overlay-type":"","overlay-color":"","overlay-opacity":"","overlay-gradient":""}},"ast-content-background-meta":{"desktop":{"background-color":"var(--ast-global-color-5)","background-image":"","background-repeat":"repeat","background-position":"center center","background-size":"auto","background-attachment":"scroll","background-type":"","background-media":"","overlay-type":"","overlay-color":"","overlay-opacity":"","overlay-gradient":""},"tablet":{"background-color":"var(--ast-global-color-5)","background-image":"","background-repeat":"repeat","background-position":"center center","background-size":"auto","background-attachment":"scroll","background-type":"","background-media":"","overlay-type":"","overlay-color":"","overlay-opacity":"","overlay-gradient":""},"mobile":{"background-color":"var(--ast-global-color-5)","background-image":"","background-repeat":"repeat","background-position":"center center","background-size":"auto","background-attachment":"scroll","background-type":"","background-media":"","overlay-type":"","overlay-color":"","overlay-opacity":"","overlay-gradient":""}},"footnotes":""},"class_list":["post-59","page","type-page","status-publish","hentry"],"yoast_head":"<!-- This site is optimized with the Yoast SEO plugin v27.2 - https:\/\/yoast.com\/product\/yoast-seo-wordpress\/ -->\n<title>Meist - TMT Widni Baltic<\/title>\n<meta name=\"robots\" content=\"index, follow, max-snippet:-1, max-image-preview:large, max-video-preview:-1\" \/>\n<link rel=\"canonical\" href=\"https:\/\/www.tmtbaltic.ee\/en\/meist\/\" \/>\n<meta property=\"og:locale\" content=\"en_GB\" \/>\n<meta property=\"og:type\" content=\"article\" \/>\n<meta property=\"og:title\" content=\"Meist - TMT Widni Baltic\" \/>\n<meta property=\"og:description\" content=\"Meist TMT. Malinen Baltic O\u00dc asutati aastal 2015. TMT. Malinen Baltic O\u00dc on TMT. Malinen Oy t\u00fctarfirma, mis kuulub TMT Gruppi ja vastutab m\u00fc\u00fcgi eest Eestis, L\u00e4tis ja Leedus.\u00a0 Aastal 2024 \u00fchinesid TMT. Malinen Baltic ja Widni Baltic O\u00dc, mille tulemusena on uus ettev\u00f5tte nimi TMT Widni Baltic O\u00dc. Teenindame laia kliendibaasi, sealhulgas originaalseadmete tootjaid, [&hellip;]\" \/>\n<meta property=\"og:url\" content=\"https:\/\/www.tmtbaltic.ee\/en\/meist\/\" \/>\n<meta property=\"og:site_name\" content=\"TMT Widni Baltic\" \/>\n<meta property=\"article:publisher\" content=\"https:\/\/www.facebook.com\/p\/TMT-Malinen-Baltic-100057168351492\/\" \/>\n<meta property=\"article:modified_time\" content=\"2026-03-25T13:19:16+00:00\" \/>\n<meta property=\"og:image\" content=\"https:\/\/www.tmtbaltic.ee\/wp-content\/uploads\/2023\/12\/img_20200601_082059-scaled-1-e1702991409623-1024x449.jpg\" \/>\n<meta name=\"twitter:card\" content=\"summary_large_image\" \/>\n<meta name=\"twitter:label1\" content=\"Estimated reading time\" \/>\n\t<meta name=\"twitter:data1\" content=\"2 minutes\" \/>\n<script type=\"application\/ld+json\" class=\"yoast-schema-graph\">{\"@context\":\"https:\/\/schema.org\",\"@graph\":[{\"@type\":\"WebPage\",\"@id\":\"https:\/\/www.tmtbaltic.ee\/en\/meist\/\",\"url\":\"https:\/\/www.tmtbaltic.ee\/en\/meist\/\",\"name\":\"Meist - TMT Widni Baltic\",\"isPartOf\":{\"@id\":\"https:\/\/www.tmtbaltic.ee\/#website\"},\"primaryImageOfPage\":{\"@id\":\"https:\/\/www.tmtbaltic.ee\/en\/meist\/#primaryimage\"},\"image\":{\"@id\":\"https:\/\/www.tmtbaltic.ee\/en\/meist\/#primaryimage\"},\"thumbnailUrl\":\"https:\/\/www.tmtbaltic.ee\/wp-content\/uploads\/2023\/12\/img_20200601_082059-scaled-1-e1702991409623-1024x449.jpg\",\"datePublished\":\"2023-12-18T11:14:50+00:00\",\"dateModified\":\"2026-03-25T13:19:16+00:00\",\"inLanguage\":\"en-GB\",\"potentialAction\":[{\"@type\":\"ReadAction\",\"target\":[\"https:\/\/www.tmtbaltic.ee\/en\/meist\/\"]}]},{\"@type\":\"ImageObject\",\"inLanguage\":\"en-GB\",\"@id\":\"https:\/\/www.tmtbaltic.ee\/en\/meist\/#primaryimage\",\"url\":\"https:\/\/www.tmtbaltic.ee\/wp-content\/uploads\/2023\/12\/img_20200601_082059-scaled-1-e1702991409623-1024x449.jpg\",\"contentUrl\":\"https:\/\/www.tmtbaltic.ee\/wp-content\/uploads\/2023\/12\/img_20200601_082059-scaled-1-e1702991409623-1024x449.jpg\"},{\"@type\":\"WebSite\",\"@id\":\"https:\/\/www.tmtbaltic.ee\/#website\",\"url\":\"https:\/\/www.tmtbaltic.ee\/\",\"name\":\"TMT. Malinen Baltic\",\"description\":\"TMT Widni Baltic\",\"publisher\":{\"@id\":\"https:\/\/www.tmtbaltic.ee\/#organization\"},\"potentialAction\":[{\"@type\":\"SearchAction\",\"target\":{\"@type\":\"EntryPoint\",\"urlTemplate\":\"https:\/\/www.tmtbaltic.ee\/?s={search_term_string}\"},\"query-input\":{\"@type\":\"PropertyValueSpecification\",\"valueRequired\":true,\"valueName\":\"search_term_string\"}}],\"inLanguage\":\"en-GB\"},{\"@type\":\"Organization\",\"@id\":\"https:\/\/www.tmtbaltic.ee\/#organization\",\"name\":\"TMT. Malinen Baltic\",\"url\":\"https:\/\/www.tmtbaltic.ee\/\",\"logo\":{\"@type\":\"ImageObject\",\"inLanguage\":\"en-GB\",\"@id\":\"https:\/\/www.tmtbaltic.ee\/#\/schema\/logo\/image\/\",\"url\":\"https:\/\/tmtbaltic.ee\/wp-content\/uploads\/2023\/12\/TMT-logo_white_500x375px-1.svg\",\"contentUrl\":\"https:\/\/tmtbaltic.ee\/wp-content\/uploads\/2023\/12\/TMT-logo_white_500x375px-1.svg\",\"width\":100,\"height\":375,\"caption\":\"TMT. Malinen Baltic\"},\"image\":{\"@id\":\"https:\/\/www.tmtbaltic.ee\/#\/schema\/logo\/image\/\"},\"sameAs\":[\"https:\/\/www.facebook.com\/p\/TMT-Malinen-Baltic-100057168351492\/\"]}]}<\/script>\n<!-- \/ Yoast SEO plugin. -->","yoast_head_json":{"title":"Meist - TMT Widni Baltic","robots":{"index":"index","follow":"follow","max-snippet":"max-snippet:-1","max-image-preview":"max-image-preview:large","max-video-preview":"max-video-preview:-1"},"canonical":"https:\/\/www.tmtbaltic.ee\/en\/meist\/","og_locale":"en_GB","og_type":"article","og_title":"Meist - TMT Widni Baltic","og_description":"Meist TMT. Malinen Baltic O\u00dc asutati aastal 2015. TMT. Malinen Baltic O\u00dc on TMT. Malinen Oy t\u00fctarfirma, mis kuulub TMT Gruppi ja vastutab m\u00fc\u00fcgi eest Eestis, L\u00e4tis ja Leedus.\u00a0 Aastal 2024 \u00fchinesid TMT. Malinen Baltic ja Widni Baltic O\u00dc, mille tulemusena on uus ettev\u00f5tte nimi TMT Widni Baltic O\u00dc. Teenindame laia kliendibaasi, sealhulgas originaalseadmete tootjaid, [&hellip;]","og_url":"https:\/\/www.tmtbaltic.ee\/en\/meist\/","og_site_name":"TMT Widni Baltic","article_publisher":"https:\/\/www.facebook.com\/p\/TMT-Malinen-Baltic-100057168351492\/","article_modified_time":"2026-03-25T13:19:16+00:00","og_image":[{"url":"https:\/\/www.tmtbaltic.ee\/wp-content\/uploads\/2023\/12\/img_20200601_082059-scaled-1-e1702991409623-1024x449.jpg","type":"","width":"","height":""}],"twitter_card":"summary_large_image","twitter_misc":{"Estimated reading time":"2 minutes"},"schema":{"@context":"https:\/\/schema.org","@graph":[{"@type":"WebPage","@id":"https:\/\/www.tmtbaltic.ee\/en\/meist\/","url":"https:\/\/www.tmtbaltic.ee\/en\/meist\/","name":"Meist - TMT Widni Baltic","isPartOf":{"@id":"https:\/\/www.tmtbaltic.ee\/#website"},"primaryImageOfPage":{"@id":"https:\/\/www.tmtbaltic.ee\/en\/meist\/#primaryimage"},"image":{"@id":"https:\/\/www.tmtbaltic.ee\/en\/meist\/#primaryimage"},"thumbnailUrl":"https:\/\/www.tmtbaltic.ee\/wp-content\/uploads\/2023\/12\/img_20200601_082059-scaled-1-e1702991409623-1024x449.jpg","datePublished":"2023-12-18T11:14:50+00:00","dateModified":"2026-03-25T13:19:16+00:00","inLanguage":"en-GB","potentialAction":[{"@type":"ReadAction","target":["https:\/\/www.tmtbaltic.ee\/en\/meist\/"]}]},{"@type":"ImageObject","inLanguage":"en-GB","@id":"https:\/\/www.tmtbaltic.ee\/en\/meist\/#primaryimage","url":"https:\/\/www.tmtbaltic.ee\/wp-content\/uploads\/2023\/12\/img_20200601_082059-scaled-1-e1702991409623-1024x449.jpg","contentUrl":"https:\/\/www.tmtbaltic.ee\/wp-content\/uploads\/2023\/12\/img_20200601_082059-scaled-1-e1702991409623-1024x449.jpg"},{"@type":"WebSite","@id":"https:\/\/www.tmtbaltic.ee\/#website","url":"https:\/\/www.tmtbaltic.ee\/","name":"TMT. Malinen Baltic","description":"TMT Widni Baltic","publisher":{"@id":"https:\/\/www.tmtbaltic.ee\/#organization"},"potentialAction":[{"@type":"SearchAction","target":{"@type":"EntryPoint","urlTemplate":"https:\/\/www.tmtbaltic.ee\/?s={search_term_string}"},"query-input":{"@type":"PropertyValueSpecification","valueRequired":true,"valueName":"search_term_string"}}],"inLanguage":"en-GB"},{"@type":"Organization","@id":"https:\/\/www.tmtbaltic.ee\/#organization","name":"TMT. Malinen Baltic","url":"https:\/\/www.tmtbaltic.ee\/","logo":{"@type":"ImageObject","inLanguage":"en-GB","@id":"https:\/\/www.tmtbaltic.ee\/#\/schema\/logo\/image\/","url":"https:\/\/tmtbaltic.ee\/wp-content\/uploads\/2023\/12\/TMT-logo_white_500x375px-1.svg","contentUrl":"https:\/\/tmtbaltic.ee\/wp-content\/uploads\/2023\/12\/TMT-logo_white_500x375px-1.svg","width":100,"height":375,"caption":"TMT. Malinen Baltic"},"image":{"@id":"https:\/\/www.tmtbaltic.ee\/#\/schema\/logo\/image\/"},"sameAs":["https:\/\/www.facebook.com\/p\/TMT-Malinen-Baltic-100057168351492\/"]}]}},"_links":{"self":[{"href":"https:\/\/www.tmtbaltic.ee\/en\/wp-json\/wp\/v2\/pages\/59","targetHints":{"allow":["GET"]}}],"collection":[{"href":"https:\/\/www.tmtbaltic.ee\/en\/wp-json\/wp\/v2\/pages"}],"about":[{"href":"https:\/\/www.tmtbaltic.ee\/en\/wp-json\/wp\/v2\/types\/page"}],"author":[{"embeddable":true,"href":"https:\/\/www.tmtbaltic.ee\/en\/wp-json\/wp\/v2\/users\/1"}],"replies":[{"embeddable":true,"href":"https:\/\/www.tmtbaltic.ee\/en\/wp-json\/wp\/v2\/comments?post=59"}],"version-history":[{"count":5,"href":"https:\/\/www.tmtbaltic.ee\/en\/wp-json\/wp\/v2\/pages\/59\/revisions"}],"predecessor-version":[{"id":2466,"href":"https:\/\/www.tmtbaltic.ee\/en\/wp-json\/wp\/v2\/pages\/59\/revisions\/2466"}],"wp:attachment":[{"href":"https:\/\/www.tmtbaltic.ee\/en\/wp-json\/wp\/v2\/media?parent=59"}],"curies":[{"name":"wp","href":"https:\/\/api.w.org\/{rel}","templated":true}]}}